{"id":3685,"date":"2025-03-05T17:18:21","date_gmt":"2025-03-05T17:18:21","guid":{"rendered":"https:\/\/ossienaturals.com\/?post_type=product&#038;p=3685"},"modified":"2025-12-12T17:08:30","modified_gmt":"2025-12-12T17:08:30","slug":"calamine-clay-soap","status":"publish","type":"product","link":"https:\/\/ossienaturals.com\/es\/producto\/calamine-clay-soap\/","title":{"rendered":"Jab\u00f3n de Calamina"},"content":{"rendered":"<h3 data-source-line=\"19-19\"><strong>La Serenidad de una Limpieza Calmante<\/strong><\/h3>\n<p data-source-line=\"21-21\">Para la piel que se siente reactiva o inc\u00f3moda, el simple acto de la limpieza puede ser a menudo una fuente de estr\u00e9s. Dise\u00f1amos esta pastilla para cambiar esa experiencia, convirtiendo una necesidad diaria en un momento de genuino alivio. Esta composici\u00f3n est\u00e1 dise\u00f1ada para respetar el delicado equilibrio de la piel, utilizando una sinergia de ingredientes minerales y bot\u00e1nicos para calmar la sensaci\u00f3n de picor y suavizar la apariencia de enrojecimiento mientras te lavas.<\/p>\n<p data-source-line=\"23-23\">Anclamos esta f\u00f3rmula en la Arcilla de Calamina, un remedio tradicional en el que se ha confiado durante generaciones para reconfortar la piel angustiada. Su delicado tono rosado es una promesa visual del alivio que ofrece, trabajando suavemente para asentar la tez. Para amplificar este efecto calmante, incorporamos Avena Coloidal, que crea un suave coj\u00edn que retiene el agua en la superficie de la piel, y Miel Cruda, un humectante natural que atrae la hidrataci\u00f3n para prevenir la tirantez posterior al lavado.<\/p>\n<p data-source-line=\"25-25\">La textura de la espuma es distintivamente diferente a la de los jabones est\u00e1ndar. Al mezclar Leche de Coco en Polvo con Manteca de Karit\u00e9 rica en nutrientes, creamos una espuma densa y aterciopelada que se siente m\u00e1s como una loci\u00f3n acondicionadora. Se desliza sobre la piel sin fricci\u00f3n, levantando las impurezas mientras deposita \u00e1cidos grasos esenciales que dejan el cuerpo con una sensaci\u00f3n de flexibilidad y protecci\u00f3n.<\/p>\n<p data-source-line=\"27-27\">La base lip\u00eddica est\u00e1 igualmente considerada. Utilizamos aceites de Oliva y Salvado de Arroz por sus propiedades suaves y no agresivas, asegurando que la piel permanezca suave. El Aceite de Coco proporciona una limpieza delicada, mientras que el Aceite de Ricino mejora la estabilidad de la espuma. Para asegurar que la pastilla se mantenga dura y duradera, incorporamos Aceite de Palma de Origen Sostenible Certificado, reflejando nuestro compromiso con el abastecimiento \u00e9tico. Una adici\u00f3n precisa de \u00c1cido C\u00edtrico quela el agua, previniendo los residuos de jab\u00f3n y asegurando un aclarado pr\u00edstino, incluso en zonas de agua dura.<\/p>\n<p data-source-line=\"29-29\">La experiencia del Jab\u00f3n de Calamina concluye con el toque equilibrante del aceite esencial de Geranio Rosa. Seleccionado tanto por sus propiedades de apoyo a la piel como por su aroma, imparte una nota floral suave que perdura delicadamente, ayudando a conectar los sentidos mientras la pastilla reconforta la piel. Con el uso constante, el ciclo de irritaci\u00f3n se interrumpe, revelando una tez que luce m\u00e1s calmada y se siente profundamente a gusto.<\/p>\n<p>&nbsp;<\/p>\n<p><strong>Beneficios e Informaci\u00f3n de los Ingredientes<\/strong><\/p>\n<p>Descubre Nuestros Ingredientes Naturales en Detalle.<\/p>\n<p>Creemos en la transparencia total sobre lo que contienen nuestros productos. Cada ingrediente, cuidadosamente seleccionado, cumple un prop\u00f3sito espec\u00edfico en tu viaje por el cuidado de la piel.<\/p>\n<p><em>Todos nuestros ingredientes son:<\/em><br \/>\n\u2713 De origen sostenible<br \/>\n\u2713 Producidos de forma \u00e9tica<br \/>\n\u2713 Con respaldo cient\u00edfico<br \/>\n\u2713 Derivados de fuentes naturales<br \/>\n\u2713 Con calidad certificada<\/p>\n<p>&nbsp;<\/p>\n<p>Consulta Nuestra Biblioteca de Ingredientes:<\/p>\n<p><a href=\"https:\/\/ossienaturals.com\/es\/product-ingredients\/\">Nuestra Biblioteca de Ingredientes<\/a><\/p>\n<p>&nbsp;<\/p>\n<p>&nbsp;<\/p>\n<p>&nbsp;<\/p>","protected":false},"excerpt":{"rendered":"<p data-source-line=\"9-9\">Un Suave Cuidado para la Piel Problem\u00e1tica.<\/p>\n<p data-source-line=\"11-11\">Si tu piel siente picor, es reactiva o se altera con facilidad, esta pastilla artesanal ofrece una profunda sensaci\u00f3n de alivio. Hemos combinado las reconocidas propiedades calmantes de la Arcilla de Calamina y la Avena Coloidal con la riqueza del Karit\u00e9 y la cremosa Leche de Coco.<\/p>\n<p data-source-line=\"13-13\">El Jab\u00f3n de Calamina limpia con una amabilidad excepcional, utilizando una mezcla precisa de aceites acondicionadores para eliminar las impurezas sin alterar la barrera cut\u00e1nea. El resultado es una piel que se siente asentada, suave y restaurada a un estado de confort tranquilo.<\/p>","protected":false},"featured_media":8527,"comment_status":"open","ping_status":"closed","template":"","meta":[],"product_brand":[],"product_cat":[1086,1087],"product_tag":[307,309,314,313,318,316,140,311,138,312],"class_list":{"0":"post-3685","1":"product","2":"type-product","3":"status-publish","4":"has-post-thumbnail","6":"product_cat-body-care","7":"product_cat-cleansers","8":"product_tag-calamine","9":"product_tag-calamine-soap","10":"product_tag-conditioning-cleanser","11":"product_tag-creamy-lather-soap","12":"product_tag-daily-calming-ritual","13":"product_tag-gentle-floral-scent","14":"product_tag-irritated-redness-prone","15":"product_tag-itchy-skin-soap","16":"product_tag-sensitive-eczema-prone","17":"product_tag-soothing-bar-soap","18":"pa_essential-oils-rose-geranium","19":"pa_size-140-gr","21":"first","22":"instock","23":"taxable","24":"shipping-taxable","25":"purchasable","26":"product-type-simple"},"aioseo_notices":[],"_links":{"self":[{"href":"https:\/\/ossienaturals.com\/es\/wp-json\/wp\/v2\/product\/3685","targetHints":{"allow":["GET"]}}],"collection":[{"href":"https:\/\/ossienaturals.com\/es\/wp-json\/wp\/v2\/product"}],"about":[{"href":"https:\/\/ossienaturals.com\/es\/wp-json\/wp\/v2\/types\/product"}],"replies":[{"embeddable":true,"href":"https:\/\/ossienaturals.com\/es\/wp-json\/wp\/v2\/comments?post=3685"}],"wp:featuredmedia":[{"embeddable":true,"href":"https:\/\/ossienaturals.com\/es\/wp-json\/wp\/v2\/media\/8527"}],"wp:attachment":[{"href":"https:\/\/ossienaturals.com\/es\/wp-json\/wp\/v2\/media?parent=3685"}],"wp:term":[{"taxonomy":"product_brand","embeddable":true,"href":"https:\/\/ossienaturals.com\/es\/wp-json\/wp\/v2\/product_brand?post=3685"},{"taxonomy":"product_cat","embeddable":true,"href":"https:\/\/ossienaturals.com\/es\/wp-json\/wp\/v2\/product_cat?post=3685"},{"taxonomy":"product_tag","embeddable":true,"href":"https:\/\/ossienaturals.com\/es\/wp-json\/wp\/v2\/product_tag?post=3685"}],"curies":[{"name":"wp","href":"https:\/\/api.w.org\/{rel}","templated":true}]}}