{"id":3688,"date":"2025-03-06T13:59:04","date_gmt":"2025-03-06T13:59:04","guid":{"rendered":"https:\/\/ossienaturals.com\/?post_type=product&#038;p=3688"},"modified":"2026-02-06T14:38:25","modified_gmt":"2026-02-06T14:38:25","slug":"calendula-soap","status":"publish","type":"product","link":"https:\/\/ossienaturals.com\/es\/producto\/calendula-soap\/","title":{"rendered":"Jab\u00f3n de Cal\u00e9ndula"},"content":{"rendered":"<h3 id=\"a-composition-for-quiet-comfort\" tabindex=\"-1\" data-source-line=\"11-11\"><strong>Una Composici\u00f3n para un Confort Sereno<\/strong><\/h3>\n<p data-source-line=\"25-25\">Para la tez delicada que se siente tirante, con picor o irritada por los jabones convencionales, esta pastilla de jab\u00f3n artesanal de Cal\u00e9ndula ofrece una composici\u00f3n de puro confort. Es para quienes buscan una limpieza diaria que no solo purifique, sino que tambi\u00e9n nutra y calme activamente la piel. El ritual comienza con una espuma cremosa y amable que envuelve la piel en un abrazo calmante. El coraz\u00f3n de esta composici\u00f3n es la calma misma: maceramos flores doradas de cal\u00e9ndula \u2014el reconfortante cut\u00e1neo por excelencia de la naturaleza\u2014 en una base de suave aceite de oliva para capturar todo su delicado poder, y lo combinamos con Avena Coloidal finamente molida, una hero\u00edna por sus cualidades calmantes y protectoras inmediatas para la piel sensible.<\/p>\n<p data-source-line=\"27-27\">Esta profunda sensaci\u00f3n de confort se ancla en un d\u00fao de ricos hidratantes. La lujosa Manteca de Karit\u00e9, repleta de vitaminas y \u00e1cidos grasos, trabaja junto a la calmante Manteca de Aloe Vera para hidratar y acondicionar en profundidad, dejando la piel con una sensaci\u00f3n maravillosamente suave y flexible. Esto se apoya en un tr\u00edo de aceites suaves: el ligero y penetrante Aceite de Kukui de Haw\u00e1i, el sedoso Aceite de Salvado de Arroz que aporta suavidad a la espuma, y el cremoso Aceite de Ricino que asegura una espuma rica y estable. Un toque de Miel Cruda, un humectante natural, atrae la humedad hacia la piel mientras ofrece sus reconocidas propiedades calmantes, al tiempo que la suave Arcilla Amarilla Brasile\u00f1a imparte un hermoso y natural tono soleado. Esto es m\u00e1s que una limpieza; es un ritual diario dise\u00f1ado para aliviar la sensaci\u00f3n de incomodidad y ayudar a tu piel a redescubrir su equilibrio de aspecto saludable y feliz.<\/p>\n<p data-source-line=\"29-29\">Con el uso diario, se revela un nuevo estado de confort. La composici\u00f3n elimina las impurezas y la suciedad del d\u00eda respetando la delicada barrera de hidrataci\u00f3n de la piel, dejando una sensaci\u00f3n de limpieza absoluta, no de tirantez. La apariencia de enrojecimiento se calma visiblemente, las sensaciones de incomodidad se alivian y la piel queda notablemente m\u00e1s suave y flexible, transformando el tacto de las zonas \u00e1speras o secas. Esta experiencia va acompa\u00f1ada de un aroma maravillosamente limpio, sutilmente dulce y terroso, derivado puramente de los aceites naturales, las mantecas, la miel y la propia infusi\u00f3n de cal\u00e9ndula: un aroma verdadero y sin adulterar de la naturaleza que incluso las complexiones m\u00e1s sensibles pueden disfrutar.<\/p>\n<p data-source-line=\"31-31\">Nuestro jab\u00f3n de Cal\u00e9ndula est\u00e1 destinado a pieles altamente sensibles o reactivas que requieren la limpieza m\u00e1s suave posible. Es para quienes buscan un jab\u00f3n tradicional sin aroma, hecho con ingredientes bot\u00e1nicos puros y reconocibles, y que desean una experiencia de limpieza diaria que no solo limpie, sino que tambi\u00e9n calme, reconforte y nutra activamente la piel, creyendo en el suave poder de la naturaleza para traer confort y equilibrio.<\/p>\n<p>&nbsp;<\/p>\n<p><strong>Beneficios e Informaci\u00f3n de los Ingredientes<\/strong><br \/>\nDescubre Nuestros Ingredientes Naturales en Detalle.<br \/>\nCreemos en la transparencia total sobre lo que contienen nuestros productos. Cada ingrediente, cuidadosamente seleccionado, cumple un prop\u00f3sito espec\u00edfico en tu viaje por el cuidado de la piel.<br \/>\nTodos nuestros ingredientes son:<br \/>\n\u2713 De origen sostenible<br \/>\n\u2713 Producidos de forma \u00e9tica<br \/>\n\u2713 Con respaldo cient\u00edfico<br \/>\n\u2713 Derivados de fuentes naturales<br \/>\n\u2713 Con calidad certificada<\/p>\n<p>&nbsp;<\/p>\n<p>Consulta Nuestra Biblioteca de Ingredientes:<\/p>\n<p><a href=\"https:\/\/ossienaturals.com\/es\/product-ingredients\/\">Nuestra Biblioteca de Ingredientes<\/a><\/p>","protected":false},"excerpt":{"rendered":"<p>Para la tez delicada que se siente tirante, con picor o irritada por los jabones convencionales, nuestro Jab\u00f3n Suave de Cal\u00e9ndula ofrece una composici\u00f3n de puro confort.\n\nHecho a mano y totalmente libre de fragancias, su espuma cremosa envuelve la piel, entregando las propiedades calmantes de nuestra infusi\u00f3n insignia de cal\u00e9ndula en aceite de oliva y la Avena Coloidal finamente molida.<\/p>\n<p>Purifica la suciedad diaria respetando la delicada barrera de hidrataci\u00f3n de la piel, dejando la tez con una sensaci\u00f3n profundamente calmada, suave y confortable, nunca tirante.<\/p>\n<p>Enriquecida con una base de mantecas hidratantes de Karit\u00e9 y Aloe Vera, esta pastilla es m\u00e1s que una limpieza; es un ritual diario dise\u00f1ado para restaurar una sensaci\u00f3n de paz y un equilibrio de aspecto saludable en la piel sensible.<\/p>","protected":false},"featured_media":4742,"comment_status":"open","ping_status":"closed","template":"","meta":[],"product_brand":[],"product_cat":[1086,1087,1085],"product_tag":[211,197,207,1132,1133,208,1104,388],"class_list":{"0":"post-3688","1":"product","2":"type-product","3":"status-publish","4":"has-post-thumbnail","6":"product_cat-body-care","7":"product_cat-cleansers","8":"product_cat-face-care","9":"product_tag-calendula-soap","10":"product_tag-eczema-soap","11":"product_tag-gentle-soap","12":"product_tag-natural-bar-soap","13":"product_tag-oatmeal-soap","14":"product_tag-sensitive-skin-soap","15":"product_tag-soothing-cleanser","16":"product_tag-unscented-soap","17":"pa_size-140-gr","19":"first","20":"instock","21":"taxable","22":"shipping-taxable","23":"purchasable","24":"product-type-simple"},"aioseo_notices":[],"_links":{"self":[{"href":"https:\/\/ossienaturals.com\/es\/wp-json\/wp\/v2\/product\/3688","targetHints":{"allow":["GET"]}}],"collection":[{"href":"https:\/\/ossienaturals.com\/es\/wp-json\/wp\/v2\/product"}],"about":[{"href":"https:\/\/ossienaturals.com\/es\/wp-json\/wp\/v2\/types\/product"}],"replies":[{"embeddable":true,"href":"https:\/\/ossienaturals.com\/es\/wp-json\/wp\/v2\/comments?post=3688"}],"wp:featuredmedia":[{"embeddable":true,"href":"https:\/\/ossienaturals.com\/es\/wp-json\/wp\/v2\/media\/4742"}],"wp:attachment":[{"href":"https:\/\/ossienaturals.com\/es\/wp-json\/wp\/v2\/media?parent=3688"}],"wp:term":[{"taxonomy":"product_brand","embeddable":true,"href":"https:\/\/ossienaturals.com\/es\/wp-json\/wp\/v2\/product_brand?post=3688"},{"taxonomy":"product_cat","embeddable":true,"href":"https:\/\/ossienaturals.com\/es\/wp-json\/wp\/v2\/product_cat?post=3688"},{"taxonomy":"product_tag","embeddable":true,"href":"https:\/\/ossienaturals.com\/es\/wp-json\/wp\/v2\/product_tag?post=3688"}],"curies":[{"name":"wp","href":"https:\/\/api.w.org\/{rel}","templated":true}]}}