{"id":3706,"date":"2025-03-07T15:49:44","date_gmt":"2025-03-07T15:49:44","guid":{"rendered":"https:\/\/ossienaturals.com\/?post_type=product&#038;p=3706"},"modified":"2026-03-16T14:41:06","modified_gmt":"2026-03-16T14:41:06","slug":"calendula-balm-original","status":"publish","type":"product","link":"https:\/\/ossienaturals.com\/es\/producto\/calendula-balm-original\/","title":{"rendered":"Calendula Balm &#8211; Original\u2122"},"content":{"rendered":"<div class=\"elementor-element elementor-element-9b1c924 elementor-widget__width-initial elementor-widget-mobile__width-initial elementor-widget elementor-widget-heading\" data-id=\"9b1c924\" data-element_type=\"widget\" data-widget_type=\"heading.default\">\n<div class=\"elementor-widget-container\">\n<h3 data-source-line=\"11-11\"><strong>El Original que lo Inici\u00f3 Todo<\/strong><\/h3>\n<p data-source-line=\"13-13\">Sometimes, the simplest formula is the most profound. This is pure Calendula Balm care\u2014no additions, no complications. Just our signature calendula-infused olive oil, protective beeswax, nourishing bee pollen, and antioxidant vitamin E working in synergy to bring a sense of deep comfort to the skin.<\/p>\n<p data-source-line=\"15-15\">Al aplicarlo, se percibe un alivio inmediato de la sequedad y la tirantez. La sensaci\u00f3n de irritaci\u00f3n se calma, la apariencia del enrojecimiento se aten\u00faa y la piel se siente de nuevo en equilibrio. Su intenso color dorado proviene de nuestro cuidadoso y lento proceso de infusi\u00f3n: una suave extracci\u00f3n por calor que captura las propiedades calmantes de la cal\u00e9ndula, y que se deja reposar para que desarrolle toda su potencia. Su textura es rica, pero nunca pesada, con un aroma puramente natural a hierbas infusionadas y cera tibia.<\/p>\n<p data-source-line=\"17-17\">La f\u00f3rmula est\u00e1 deliberadamente concentrada en lo esencial. El aceite de oliva infusionado con cal\u00e9ndula aporta una sensaci\u00f3n de calma profunda mientras apoya los procesos restauradores naturales de la piel. La cera de abejas crea una barrera transpirable que retiene la hidrataci\u00f3n y protege de los agresores ambientales. El polen de abeja proporciona sus valiosos nutrientes, mientras que la vitamina E preserva la integridad de la f\u00f3rmula.<\/p>\n<p data-source-line=\"19-19\">Este es el b\u00e1lsamo que forj\u00f3 nuestra reputaci\u00f3n. Se ha convertido en un b\u00e1sico de confianza para familias activas, un compa\u00f1ero constante para jardineros despu\u00e9s de un d\u00eda al aire libre y un esencial para cualquiera con piel sensible o con tendencia a la reactividad. Funciona porque es lo suficientemente delicado para las pieles m\u00e1s sensibles, pero a la vez lo bastante eficaz para marcar una diferencia visible.<\/p>\n<p data-source-line=\"21-21\">A veces no necesitas m\u00e1s ingredientes.  Necesitas los correctos.<\/p>\n<\/div>\n<\/div>\n<p>&nbsp;<\/p>\n<p data-source-line=\"25-25\"><strong>Un Aliado de Confianza para M\u00faltiples Momentos de la Piel<\/strong><\/p>\n<p data-source-line=\"27-27\">Our classic Calendula Balm\u2122, with its rich base of calendula-infused olive oil, has become a go-to for many everyday skin situations. Its soothing and supportive properties are particularly helpful when your skin needs a little extra comfort and care.<\/p>\n<p data-source-line=\"29-29\">Ayuda a aliviar la sensaci\u00f3n de inconfort de las picaduras de insectos y reduce la apariencia del enrojecimiento asociado. Act\u00faa para atenuar el aspecto y la sensaci\u00f3n de las irritaciones generales de la piel, aportando una sensaci\u00f3n de calma a las zonas que lo necesitan. El b\u00e1lsamo apoya el proceso de recuperaci\u00f3n natural de la piel ante peque\u00f1as rozaduras, manteniendo la zona hidratada y protegida. Tambi\u00e9n puede ayudar a mejorar la apariencia del enrojecimiento y reforzar el confort de la piel, especialmente en pieles que se ven secas, con textura irregular o que sienten inconfort. Finalmente, es un b\u00e1lsamo excelente para nutrir en profundidad las manos agrietadas, los codos secos o los talones con fisuras.<\/p>\n<p data-source-line=\"31-31\">Este b\u00e1lsamo es m\u00e1s que una aplicaci\u00f3n localizada; es una hidratante maravillosamente simple y eficaz para la piel del rostro muy seca o sensible \u2014especialmente beneficioso como un b\u00e1lsamo de confort nocturno\u2014 y un aliado vers\u00e1til para tu piel, listo para proporcionar apoyo siempre que sea necesario.<\/p>\n<p>&nbsp;<\/p>\n<p data-source-line=\"5-5\"><strong>Considera Nuestro Calendula Balm Plus<\/strong><\/p>\n<p data-source-line=\"7-7\">Para quienes buscan un refuerzo superior para la barrera cut\u00e1nea y una nutrici\u00f3n m\u00e1s profunda, nuestro Calendula Balm Plus ofrece una f\u00f3rmula m\u00e1s concentrada. Enriquecido con aceites de Rosa Mosqueta y Espino Amarillo, esta versi\u00f3n intensificada ayuda a apoyar el equilibrio lip\u00eddico natural de la piel y promueve un aspecto de renovaci\u00f3n visible. La misma integridad de la cal\u00e9ndula, elevada con bot\u00e1nicos espec\u00edficos para un apoyo integral.<\/p>\n<p data-source-line=\"7-7\">View <a href=\"https:\/\/ossienaturals.com\/es\/producto\/calendula-balm-plus\/\">Calendula Balm Plus\u2122<\/a><\/p>\n<p>&nbsp;<\/p>\n<p>&nbsp;<\/p>\n<p><strong>Beneficios e Informaci\u00f3n de los Ingredientes<\/strong><\/p>\n<p>Descubre Nuestros Ingredientes Naturales en Detalle.<\/p>\n<p>Creemos en la transparencia total sobre lo que contienen nuestros productos. Cada ingrediente, cuidadosamente seleccionado, cumple un prop\u00f3sito espec\u00edfico en tu viaje por el cuidado de la piel.<\/p>\n<p><em>Todos nuestros ingredientes son:<\/em><br \/>\n\u2713 De origen sostenible<br \/>\n\u2713 Producidos de forma \u00e9tica<br \/>\n\u2713 Con respaldo cient\u00edfico<br \/>\n\u2713 Derivados de fuentes naturales<br \/>\n\u2713 Con calidad certificada<\/p>\n<p>&nbsp;<\/p>\n<p>Consulta Nuestra Biblioteca de Ingredientes e informaci\u00f3n del producto:<\/p>\n<p><a href=\"https:\/\/ossienaturals.com\/es\/product-ingredients\/\"> Biblioteca de Ingredientes<\/a><\/p>\n<p><a href=\"https:\/\/ossienaturals.com\/es\/calendula-balm-original\/\">Calendula Balm &#8211; Original\u2122<\/a><\/p>\n<p>&nbsp;<\/p>","protected":false},"excerpt":{"rendered":"<p data-source-line=\"15-15\">Puro Confort de Cal\u00e9ndula.<\/p>\n<p data-source-line=\"17-17\">This is where it all began\u2014the original Calendula Balm\u2122 formula that built our reputation by delivering profound comfort when nothing else seemed to work. It was engineered from a simple belief: that the most effective care is often the most uncomplicated.<\/p>\n<p data-source-line=\"19-19\">Elaborado a partir de flores enteras de cal\u00e9ndula infusionadas en aceite de oliva virgen extra, este b\u00e1lsamo dorado est\u00e1 dise\u00f1ado para calmar visiblemente la apariencia del enrojecimiento y aliviar la sensaci\u00f3n de irritaci\u00f3n. Nutre en profundidad las zonas secas y agrietadas y apoya el proceso de recuperaci\u00f3n natural de la piel, mientras una barrera transpirable de cera de abejas protege y reconforta. Una f\u00f3rmula sencilla y honesta, reconocida por sus resultados visibles.<\/p>\n<p data-source-line=\"21-21\">Para pieles que necesitan un cuidado suave sin complicaciones. Cuando menos, realmente es m\u00e1s.<\/p>","protected":false},"featured_media":6745,"comment_status":"open","ping_status":"closed","template":"","meta":[],"product_brand":[],"product_cat":[1086,1085],"product_tag":[420,323,424,419,425,423,140,422,426,138,421],"class_list":{"0":"post-3706","1":"product","2":"type-product","3":"status-publish","4":"has-post-thumbnail","6":"product_cat-body-care","7":"product_cat-face-care","8":"product_tag-all-purpose-skin-balm","9":"product_tag-calendula-balm","10":"product_tag-calming-balm-for-redness","11":"product_tag-classic-calendula-balm","12":"product_tag-eczema-care-balm","13":"product_tag-insect-bite-soother","14":"product_tag-irritated-redness-prone","15":"product_tag-itch-relief-balm","16":"product_tag-psoriasis-care-balm","17":"product_tag-sensitive-eczema-prone","18":"product_tag-universal-balm","19":"pa_essential-oils-unscented","20":"pa_size-15-gr","21":"pa_size-30-gr","22":"pa_size-60-gr","24":"first","25":"instock","26":"taxable","27":"shipping-taxable","28":"purchasable","29":"product-type-variable"},"aioseo_notices":[],"_links":{"self":[{"href":"https:\/\/ossienaturals.com\/es\/wp-json\/wp\/v2\/product\/3706","targetHints":{"allow":["GET"]}}],"collection":[{"href":"https:\/\/ossienaturals.com\/es\/wp-json\/wp\/v2\/product"}],"about":[{"href":"https:\/\/ossienaturals.com\/es\/wp-json\/wp\/v2\/types\/product"}],"replies":[{"embeddable":true,"href":"https:\/\/ossienaturals.com\/es\/wp-json\/wp\/v2\/comments?post=3706"}],"wp:featuredmedia":[{"embeddable":true,"href":"https:\/\/ossienaturals.com\/es\/wp-json\/wp\/v2\/media\/6745"}],"wp:attachment":[{"href":"https:\/\/ossienaturals.com\/es\/wp-json\/wp\/v2\/media?parent=3706"}],"wp:term":[{"taxonomy":"product_brand","embeddable":true,"href":"https:\/\/ossienaturals.com\/es\/wp-json\/wp\/v2\/product_brand?post=3706"},{"taxonomy":"product_cat","embeddable":true,"href":"https:\/\/ossienaturals.com\/es\/wp-json\/wp\/v2\/product_cat?post=3706"},{"taxonomy":"product_tag","embeddable":true,"href":"https:\/\/ossienaturals.com\/es\/wp-json\/wp\/v2\/product_tag?post=3706"}],"curies":[{"name":"wp","href":"https:\/\/api.w.org\/{rel}","templated":true}]}}