{"id":3714,"date":"2025-03-07T16:59:35","date_gmt":"2025-03-07T16:59:35","guid":{"rendered":"https:\/\/ossienaturals.com\/?post_type=product&#038;p=3714"},"modified":"2026-02-27T10:28:08","modified_gmt":"2026-02-27T10:28:08","slug":"calendula-balm-plus","status":"publish","type":"product","link":"https:\/\/ossienaturals.com\/es\/producto\/calendula-balm-plus\/","title":{"rendered":"Calendula Balm Plus\u2122"},"content":{"rendered":"<div class=\"elementor-element elementor-element-9b1c924 elementor-widget__width-initial elementor-widget-mobile__width-initial elementor-widget elementor-widget-heading\" data-id=\"9b1c924\" data-element_type=\"widget\" data-widget_type=\"heading.default\">\n<div class=\"elementor-widget-container\">\n<h3 data-source-line=\"21-21\"><strong>Calendula Balm Plus\u2122, The Science of Restorative Nourishment<\/strong><\/h3>\n<p data-source-line=\"23-23\">Esta rica composici\u00f3n dorada, el Calendula Balm Plus, est\u00e1 concebida para pieles que requieren m\u00e1s que una simple hidrataci\u00f3n. Comienza con el profundo confort de nuestra infusi\u00f3n de cal\u00e9ndula insignia y la eleva con una mezcla sin\u00e9rgica de potentes bot\u00e1nicos, creando una f\u00f3rmula que nutre en profundidad, apoya el ciclo de renovaci\u00f3n natural de la piel y restaura una sensaci\u00f3n de profundo confort y resiliencia.<\/p>\n<p data-source-line=\"25-25\">La diferencia es perceptible desde la primera aplicaci\u00f3n. La sensaci\u00f3n de tirantez e incomodidad se alivia mientras la piel absorbe los aceites, mostrando un aspecto inmediatamente m\u00e1s suave y confortable. Emerge una luminosidad serena, que no proviene de un brillo superficial, sino de una nutrici\u00f3n profunda y efectiva. Las mejoras visibles se desarrollan con el tiempo, a medida que las marcas antiguas y las zonas irregulares parecen atenuarse, y la piel luce m\u00e1s lisa, fresca y resiliente.<\/p>\n<p data-source-line=\"27-27\">Esto funciona porque la composici\u00f3n de la Calendula Balm Plus es biocompatible. El aceite de Rosa Mosqueta contiene compuestos de provitamina A de origen natural que apoyan la renovaci\u00f3n visible de la piel. El Espino Amarillo aporta el excepcional omega-7 y carotenoides, que ayudan a que la piel luzca tersa y vital. El Polen de Abeja a\u00f1ade nutrientes que apoyan la vitalidad natural de la piel. Junto con nuestra base de Aceite de Oliva Infusionado con Cal\u00e9ndula, crean una sinergia a la que la piel responde maravillosamente.<\/p>\n<p data-source-line=\"29-29\">Este es el b\u00e1lsamo definitivo para pieles maduras, cansadas o en recuperaci\u00f3n que merecen m\u00e1s.<\/p>\n<p data-source-line=\"33-33\"><strong>Los Nutrientes M\u00e1s Potentes de la Naturaleza<\/strong><\/p>\n<p data-source-line=\"35-35\">La apreciada base de Aceite de Oliva Virgen Extra Infusionado con Cal\u00e9ndula se eleva con los nutrientes para la piel m\u00e1s c\u00e9lebres de la naturaleza, creando una mezcla sin\u00e9rgica para resultados \u00f3ptimos<\/p>\n<ul data-source-line=\"37-39\">\n<li data-source-line=\"37-37\"><strong>Aceite de Rosa Mosqueta:<\/strong>\u00a0Fuente natural de compuestos de provitamina A y \u00e1cidos grasos esenciales, este preciado aceite es reconocido por mejorar visiblemente la apariencia de la piel, ayudando a suavizar el aspecto de las marcas y apoyando un cutis m\u00e1s uniforme y liso.<\/li>\n<li data-source-line=\"38-39\"><strong>Aceite de Espino Amarillo:<\/strong>\u00a0Un verdadero superalimento para la piel, rico en el excepcional \u00e1cido graso omega-7, carotenoides (provitamina A) y vitamina E. Nutre en profundidad, revitaliza el aspecto de la piel apagada y apoya el confort y la resiliencia general de la piel.<\/li>\n<\/ul>\n<p data-source-line=\"40-40\">Estos potentes bot\u00e1nicos se mezclan con:<\/p>\n<ul data-source-line=\"42-45\">\n<li data-source-line=\"42-42\"><strong>Cera de Abejas Pura:<\/strong>\u00a0Para la protecci\u00f3n, creando una barrera transpirable que sella la hidrataci\u00f3n y los compuestos beneficiosos.<\/li>\n<li data-source-line=\"43-43\"><strong>Polen de Abeja Rico en Nutrientes:<\/strong> For vitality. This powerhouse ingredient contains bioactive compounds, including proteins, amino acids, and vitamins that work to support visible skin renewal and provide natural moisturising factors for enhanced hydration.<\/li>\n<li data-source-line=\"44-45\"><strong>Vitamina E Antioxidante:<\/strong>\u00a0Para preservar la frescura y la eficacia del b\u00e1lsamo, al tiempo que ofrece sus propios beneficios acondicionadores para la piel.<\/li>\n<\/ul>\n<p data-source-line=\"46-46\">Sin aditivos artificiales, solo pura y concentrada nutrici\u00f3n bot\u00e1nica para la piel.<\/p>\n<\/div>\n<\/div>\n<p>&nbsp;<\/p>\n<p><strong>Beneficios e Informaci\u00f3n de los Ingredientes<\/strong><br \/>\nDescubre Nuestros Ingredientes Naturales en Detalle.<br \/>\nCreemos en la transparencia total sobre lo que contienen nuestros productos. Cada ingrediente, cuidadosamente seleccionado, cumple un prop\u00f3sito espec\u00edfico en tu viaje por el cuidado de la piel.<br \/>\nTodos nuestros ingredientes son:<br \/>\n\u2713 De origen sostenible<br \/>\n\u2713 Producidos de forma \u00e9tica<br \/>\n\u2713 Con respaldo cient\u00edfico<br \/>\n\u2713 Derivados de fuentes naturales<br \/>\n\u2713 Con calidad certificada<\/p>\n<p>&nbsp;<\/p>\n<p>Consulta Nuestra Biblioteca de Ingredientes e informaci\u00f3n del producto:<\/p>\n<p><a href=\"https:\/\/ossienaturals.com\/es\/product-ingredients\/\">Biblioteca de Ingredientes<\/a><\/p>\n<p>&nbsp;<\/p>\n<p>&nbsp;<\/p>","protected":false},"excerpt":{"rendered":"<div data-id=\"d54ba80\" data-element_type=\"widget\" data-widget_type=\"heading.default\">\n<p data-source-line=\"11-11\">El \u201cPlus\u201d que tu Piel Merece.<\/p>\n<p data-source-line=\"13-13\">Este no es un b\u00e1lsamo de cal\u00e9ndula convencional. La f\u00f3rmula toma lo que la cal\u00e9ndula hace maravillosamente \u2014calmar y reconfortar\u2014 y lo enriquece con aceites de Rosa Mosqueta y Espino Amarillo, adem\u00e1s de un toque de Polen de Abeja. El resultado es una composici\u00f3n concentrada que no solo calma; nutre en profundidad y promueve un aspecto de renovaci\u00f3n visible.<\/p>\n<p data-source-line=\"15-15\">Para la piel que requiere un cuidado restaurador avanzado.<\/p>\n<\/div>","protected":false},"featured_media":6593,"comment_status":"open","ping_status":"closed","template":"","meta":[],"product_brand":[],"product_cat":[1086,1085,123],"product_tag":[1097,323,1100,1096,1101,1099,1102,1098],"class_list":{"0":"post-3714","1":"product","2":"type-product","3":"status-publish","4":"has-post-thumbnail","6":"product_cat-body-care","7":"product_cat-face-care","8":"product_cat-featured","9":"product_tag-anti-aging-balm","10":"product_tag-calendula-balm","11":"product_tag-hydrating-balm","12":"product_tag-natural-skin-repair-balm","13":"product_tag-rosehip-oil-balm","14":"product_tag-scar-fading-balm","15":"product_tag-sea-buckthorn-balm","16":"product_tag-sensitive-skin-balm","17":"pa_essential-oils-unscented","18":"pa_size-15-gr","19":"pa_size-30-gr","20":"pa_size-60-gr","22":"first","23":"instock","24":"taxable","25":"shipping-taxable","26":"purchasable","27":"product-type-variable"},"aioseo_notices":[],"_links":{"self":[{"href":"https:\/\/ossienaturals.com\/es\/wp-json\/wp\/v2\/product\/3714","targetHints":{"allow":["GET"]}}],"collection":[{"href":"https:\/\/ossienaturals.com\/es\/wp-json\/wp\/v2\/product"}],"about":[{"href":"https:\/\/ossienaturals.com\/es\/wp-json\/wp\/v2\/types\/product"}],"replies":[{"embeddable":true,"href":"https:\/\/ossienaturals.com\/es\/wp-json\/wp\/v2\/comments?post=3714"}],"wp:featuredmedia":[{"embeddable":true,"href":"https:\/\/ossienaturals.com\/es\/wp-json\/wp\/v2\/media\/6593"}],"wp:attachment":[{"href":"https:\/\/ossienaturals.com\/es\/wp-json\/wp\/v2\/media?parent=3714"}],"wp:term":[{"taxonomy":"product_brand","embeddable":true,"href":"https:\/\/ossienaturals.com\/es\/wp-json\/wp\/v2\/product_brand?post=3714"},{"taxonomy":"product_cat","embeddable":true,"href":"https:\/\/ossienaturals.com\/es\/wp-json\/wp\/v2\/product_cat?post=3714"},{"taxonomy":"product_tag","embeddable":true,"href":"https:\/\/ossienaturals.com\/es\/wp-json\/wp\/v2\/product_tag?post=3714"}],"curies":[{"name":"wp","href":"https:\/\/api.w.org\/{rel}","templated":true}]}}