{"id":4273,"date":"2025-06-06T18:05:48","date_gmt":"2025-06-06T17:05:48","guid":{"rendered":"https:\/\/ossienaturals.com\/?post_type=product&#038;p=4273"},"modified":"2026-02-06T13:53:50","modified_gmt":"2026-02-06T13:53:50","slug":"azure-tansy-balm","status":"publish","type":"product","link":"https:\/\/ossienaturals.com\/es\/producto\/azure-tansy-balm\/","title":{"rendered":"Azure Tansy Balm\u2122"},"content":{"rendered":"<div class=\"elementor-element elementor-element-9b1c924 elementor-widget__width-initial elementor-widget-mobile__width-initial elementor-widget elementor-widget-heading\" data-id=\"9b1c924\" data-element_type=\"widget\" data-widget_type=\"heading.default\">\n<div class=\"elementor-widget-container\">\n<h3 data-source-line=\"21-21\"><strong>Un Enfoque Integral para el Confort Sin Edad<\/strong><\/h3>\n<p data-source-line=\"23-23\">El tono azul natural indica al Tanaceto Azul en acci\u00f3n\u2014una planta extraordinaria conocida por su capacidad para calmar el aspecto de la piel reactiva. Sin embargo, este b\u00e1lsamo de tanaceto azul est\u00e1 dise\u00f1ado para ir m\u00e1s all\u00e1 de la simple calma. Se trata de una f\u00f3rmula sofisticada dise\u00f1ada para favorecer el ciclo de renovaci\u00f3n natural de la piel, mejorar la apariencia de la elasticidad y fortalecer la tez frente a los factores estresantes del medio ambiente.<\/p>\n<p data-source-line=\"13-13\">La f\u00f3rmula del Azure Tansy Balm comienza con una base de nutrici\u00f3n profunda. Hemos combinado las propiedades protectoras de la Cera de Abejas y la Manteca de Karit\u00e9 con una base de Aceite de Camelia, elegido por su alto contenido de Omega-9, que proporciona una hidrataci\u00f3n profunda sin peso a\u00f1adido. Esto se combina con Escualano, un l\u00edpido bioid\u00e9ntico que imita la estructura natural de la piel para asegurar una absorci\u00f3n e hidrataci\u00f3n instant\u00e1neas, mientras mejora la apariencia de las l\u00edneas finas y suaviza la piel. Juntos, crean un escudo transpirable que sella la humedad dejando un acabado sedoso y no graso. Dentro de esta base, los aceites de Marula y Baobab entregan un rico complejo de antioxidantes, trabajando para apoyar una apariencia flexible y saludable.<\/p>\n<p data-source-line=\"15-15\">Para abordar las necesidades espec\u00edficas de la piel madura o comprometida, hemos entretejido un tr\u00edo de potentes aceites restauradores. El Aceite de Semilla de Granada, con su excepcional contenido de omega-5, revitaliza el aspecto de la piel cansada, mientras que la Onagra aporta altos niveles de GLA para calmar la sequedad profunda. Para la piel que muestra signos de estr\u00e9s pasado, el Aceite de Tamanu ofrece sus reconocidas propiedades restauradoras, ayudando a mejorar el aspecto de la textura y el tono.<\/p>\n<p data-source-line=\"29-29\">El Tanaceto Azul hace m\u00e1s que prestar su color\u2014ayuda a mantener una tez de aspecto claro y equilibrado, calmando visiblemente la apariencia de enrojecimiento. Combinado con Lavanda, esto se convierte en un cuidado de la piel que trabaja para calmar, equilibrar y promover una apariencia visiblemente renovada y tranquila.<\/p>\n<p data-source-line=\"31-31\">Este es tu b\u00e1lsamo para todo\u2014una f\u00f3rmula vers\u00e1til y protectora para la piel que necesita un cuidado integral y una renovaci\u00f3n visible.<\/p>\n<\/div>\n<\/div>\n<p>&nbsp;<\/p>\n<p><strong>Beneficios e Informaci\u00f3n de los Ingredientes<\/strong><\/p>\n<p>Descubre Nuestros Ingredientes Naturales en Detalle.<\/p>\n<p>Creemos en la transparencia total sobre lo que contienen nuestros productos. Cada ingrediente, cuidadosamente seleccionado, cumple un prop\u00f3sito espec\u00edfico en tu viaje por el cuidado de la piel.<\/p>\n<p><em>Todos nuestros ingredientes son:<\/em><br \/>\n\u2713 De origen sostenible<br \/>\n\u2713 Producidos de forma \u00e9tica<br \/>\n\u2713 Con respaldo cient\u00edfico<br \/>\n\u2713 Derivados de fuentes naturales<br \/>\n\u2713 Con calidad certificada<\/p>\n<p>&nbsp;<\/p>\n<p>Consulta Nuestra Biblioteca de Ingredientes:<\/p>\n<p><a href=\"https:\/\/ossienaturals.com\/es\/product-ingredients\/\">Biblioteca de Ingredientes<\/a><\/p>","protected":false},"excerpt":{"rendered":"<p data-source-line=\"11-11\"><strong>El Confort Profundo se Encuentra con la Renovaci\u00f3n Visible.<\/strong><\/p>\n<p data-source-line=\"13-13\">El tono azul natural proviene del Tanaceto Azul (Blue Tansy), un potente bot\u00e1nico conocido por su excepcional capacidad para calmar el aspecto de la piel reactiva. Pero esto es m\u00e1s que un b\u00e1lsamo calmante. Hemos anclado el poder regenerador de los aceites de Granada, Tamanu y Baobab en una base protectora de cera de abejas.<\/p>\n<p data-source-line=\"15-15\">Este b\u00e1lsamo de Azure Tansy ha sido dise\u00f1ado para complexiones maduras y sensibles, trabaja para apoyar la elasticidad de la piel, mejorar el aspecto de la textura y sellar la hidrataci\u00f3n. Nota c\u00f3mo disminuye la apariencia de enrojecimiento y c\u00f3mo las l\u00edneas finas parecen suavizarse. Solo piel que se siente serena, firme y serenamente radiante.<\/p>","protected":false},"featured_media":6666,"comment_status":"open","ping_status":"closed","template":"","meta":[],"product_brand":[],"product_cat":[1085,123],"product_tag":[1151,267,268,189,272,348,140,273,271,186,138],"class_list":{"0":"post-4273","1":"product","2":"type-product","3":"status-publish","4":"has-post-thumbnail","6":"product_cat-face-care","7":"product_cat-featured","8":"product_tag-antiaging-balm","9":"product_tag-blue-tansy","10":"product_tag-blue-tansy-balm","11":"product_tag-calming-balm","12":"product_tag-eczema-flare-up-comfort","13":"product_tag-intensive-moisture","14":"product_tag-irritated-redness-prone","15":"product_tag-reactive-skin","16":"product_tag-redness-relief","17":"product_tag-rosacea-prone-skin","18":"product_tag-sensitive-eczema-prone","19":"pa_essential-oils-blue-tansy-lavender","20":"pa_size-30-gr","21":"pa_size-60-gr","23":"first","24":"instock","25":"taxable","26":"shipping-taxable","27":"purchasable","28":"product-type-variable"},"aioseo_notices":[],"_links":{"self":[{"href":"https:\/\/ossienaturals.com\/es\/wp-json\/wp\/v2\/product\/4273","targetHints":{"allow":["GET"]}}],"collection":[{"href":"https:\/\/ossienaturals.com\/es\/wp-json\/wp\/v2\/product"}],"about":[{"href":"https:\/\/ossienaturals.com\/es\/wp-json\/wp\/v2\/types\/product"}],"replies":[{"embeddable":true,"href":"https:\/\/ossienaturals.com\/es\/wp-json\/wp\/v2\/comments?post=4273"}],"wp:featuredmedia":[{"embeddable":true,"href":"https:\/\/ossienaturals.com\/es\/wp-json\/wp\/v2\/media\/6666"}],"wp:attachment":[{"href":"https:\/\/ossienaturals.com\/es\/wp-json\/wp\/v2\/media?parent=4273"}],"wp:term":[{"taxonomy":"product_brand","embeddable":true,"href":"https:\/\/ossienaturals.com\/es\/wp-json\/wp\/v2\/product_brand?post=4273"},{"taxonomy":"product_cat","embeddable":true,"href":"https:\/\/ossienaturals.com\/es\/wp-json\/wp\/v2\/product_cat?post=4273"},{"taxonomy":"product_tag","embeddable":true,"href":"https:\/\/ossienaturals.com\/es\/wp-json\/wp\/v2\/product_tag?post=4273"}],"curies":[{"name":"wp","href":"https:\/\/api.w.org\/{rel}","templated":true}]}}