{"id":7582,"date":"2025-10-08T15:51:34","date_gmt":"2025-10-08T14:51:34","guid":{"rendered":"https:\/\/ossienaturals.com\/?post_type=product&#038;p=7582"},"modified":"2026-03-18T13:32:13","modified_gmt":"2026-03-18T13:32:13","slug":"restorative-phyto-serum-oil","status":"publish","type":"product","link":"https:\/\/ossienaturals.com\/es\/producto\/restorative-phyto-serum-oil\/","title":{"rendered":"Restorative Phyto-Serum Oil\u2122"},"content":{"rendered":"<div class=\"elementor-element elementor-element-9b1c924 elementor-widget__width-initial elementor-widget-mobile__width-initial elementor-widget elementor-widget-heading\" data-id=\"9b1c924\" data-element_type=\"widget\" data-widget_type=\"heading.default\">\n<div class=\"elementor-widget-container\">\n<div class=\"elementor-element elementor-element-9b1c924 elementor-widget__width-initial elementor-widget-mobile__width-initial elementor-widget elementor-widget-heading\" data-id=\"9b1c924\" data-element_type=\"widget\" data-widget_type=\"heading.default\">\n<h3 class=\"elementor-widget-container\"><strong style=\"font-size: 16px;\">La Arquitectura de la Renovaci\u00f3n Visible<\/strong><\/h3>\n<\/div>\n<div class=\"elementor-element elementor-element-9d36b0a e-con-full e-flex e-con e-child\" data-id=\"9d36b0a\" data-element_type=\"container\">\n<div class=\"elementor-element elementor-element-f866dec elementor-widget__width-initial elementor-widget-mobile__width-initial elementor-widget elementor-widget-text-editor\" data-id=\"f866dec\" data-element_type=\"widget\" data-widget_type=\"text-editor.default\">\n<div class=\"elementor-widget-container\">\n<p data-source-line=\"23-23\">Este s\u00e9rum-aceite de color azul verdoso representa a\u00f1os de refinamiento en la formulaci\u00f3n. Su color distintivo revela que contiene algo especial: el azul profundo del Tanaceto Azul (Blue Tansy) mezclado con el rico dorado de aceites bot\u00e1nicos premium. Cuenta con doce aceites que podr\u00edan destacar por s\u00ed solos, trabajando juntos para crear algo extraordinario. A pesar de su riqueza, el Restorative Phyto-Serum Oil\u2122 se absorbe por completo, dejando tras de s\u00ed solo una tez de aspecto renovado y equilibrado.<\/p>\n<p data-source-line=\"25-25\">La f\u00f3rmula trabaja en todos los niveles de la belleza de la piel. Esta composici\u00f3n se construye sobre una base de doce inteligencias bot\u00e1nicas distintas.<\/p>\n<p data-source-line=\"15-15\">Comienza con el Aceite de Semilla de Granada, un aceite denso y lujoso rico en \u00e1cido pun\u00edcico que trabaja para revitalizar el aspecto de la piel cansada. Lo combinamos con Borraja y Onagra, las fuentes m\u00e1s potentes de la naturaleza de \u00e1cido gamma-linol\u00e9nico (GLA). Estos \u00e1cidos grasos cruciales son esenciales para calmar la sensaci\u00f3n de sequedad y refinar la textura superficial de la piel.<\/p>\n<p data-source-line=\"17-17\">Para asegurar que el s\u00e9rum se sienta elegante en lugar de pesado, utilizamos Aceite de Nuez de Kukui hawaiano. Conocido por su notable capacidad de penetraci\u00f3n, atrae la nutrici\u00f3n m\u00e1s profunda hacia la piel al instante. Los aceites de Marula y Baobab \u2014los gigantes del cuidado de la piel africano\u2014 crean un velo protector rico en antioxidantes que ayuda a proteger contra los estresores ambientales mientras suaviza la superficie de la piel.<\/p>\n<p data-source-line=\"19-19\">Para la piel que se siente comprometida, el Aceite de Tamanu ofrece sus reconocidas propiedades restauradoras, apoyando el proceso de recuperaci\u00f3n natural de la piel. La Jojoba imita el propio sebo de tu piel para ayudar a equilibrar la producci\u00f3n de grasa, mientras que la Camelia \u2014el secreto de los rituales de belleza japoneses\u2014 a\u00f1ade un deslizamiento sedoso y ligero que deja un acabado aterciopelado. Finalmente, el Escualano sella todo el conjunto, previniendo la p\u00e9rdida de humedad sin obstruir los poros.<\/p>\n<p data-source-line=\"27-27\">Elevamos esta base bot\u00e1nica con un tr\u00edo de activos de nueva generaci\u00f3n, dise\u00f1ados para una renovaci\u00f3n integral sin concesiones. Comienza con Bakuchiol, la c\u00e9lebre alternativa natural que proporciona beneficios similares al retinol \u2014mejorando el aspecto de las l\u00edneas finas y la textura\u2014 con una delicadeza notable. Lo combinamos con un extracto potenciado de Chlorella vulgaris. Estos compuestos marinos entregan el poder visiblemente alisador de un retinoide mientras permanecen no irritantes. Completando este poderoso tr\u00edo est\u00e1 el Ascorbil Tetraisopalmitato, el est\u00e1ndar de oro de la Vitamina C, dise\u00f1ado para penetrar eficazmente para iluminar el aspecto de las manchas oscuras y apoyar una apariencia firme.<\/p>\n<p data-source-line=\"29-29\">Los aceites esenciales completan la experiencia. El Tanaceto Azul aporta una profunda sensaci\u00f3n de calma a la piel, ayudando a reducir la apariencia de enrojecimiento. La Lavanda calma tanto la piel como los sentidos, haciendo de la aplicaci\u00f3n un ritual de tranquilidad.<\/p>\n<p data-source-line=\"31-31\">Con el uso constante, notar\u00e1s que tu tez luce m\u00e1s clara y uniforme. La apariencia de las manchas oscuras rebeldes comienza a desvanecerse. La textura se siente m\u00e1s suave bajo las yemas de tus dedos. Tu piel luce menos cansada por la ma\u00f1ana y m\u00e1s equilibrada a lo largo del d\u00eda. As\u00ed es como se ve la nutrici\u00f3n integral de la piel: cada ingrediente trabajando hacia una apariencia m\u00e1s saludable y resiliente.<\/p>\n<\/div>\n<\/div>\n<\/div>\n<\/div>\n<\/div>\n<p>&nbsp;<\/p>\n<p><strong>Beneficios e Informaci\u00f3n de los Ingredientes<\/strong><br \/>\nDescubre Nuestros Ingredientes Naturales en Detalle.<br \/>\nCreemos en la transparencia total sobre lo que contienen nuestros productos. Cada ingrediente, cuidadosamente seleccionado, cumple un prop\u00f3sito espec\u00edfico en tu viaje por el cuidado de la piel.<br \/>\nTodos nuestros ingredientes son:<br \/>\n\u2713 De origen sostenible<br \/>\n\u2713 Producidos de forma \u00e9tica<br \/>\n\u2713 Con respaldo cient\u00edfico<br \/>\n\u2713 Derivados de fuentes naturales<br \/>\n\u2713 Con calidad certificada<\/p>\n<p>&nbsp;<\/p>\n<p>Consulta Nuestra Biblioteca de Ingredientes e informaci\u00f3n del producto:<\/p>\n<p><a href=\"https:\/\/ossienaturals.com\/es\/product-ingredients\/\">Nuestra Biblioteca de Ingredientes<\/a><\/p>","protected":false},"excerpt":{"rendered":"<div class=\"elementor-element elementor-element-d54ba80 elementor-widget__width-initial elementor-widget elementor-widget-heading\" data-id=\"d54ba80\" data-element_type=\"widget\" data-widget_type=\"heading.default\">\n<div class=\"elementor-widget-container\">\n<p data-source-line=\"11-11\">Doce Aceites Valiosos. Un S\u00e9rum Transformador.<\/p>\n<p data-source-line=\"13-13\">Este es el lujo bot\u00e1nico en su m\u00e1xima expresi\u00f3n\u2014una sinfon\u00eda de los aceites m\u00e1s potentes del mundo trabajando en armon\u00eda para restaurar, renovar y revitalizar el aspecto de tu piel. Desde el Baobab africano hasta el Tamanu del Pac\u00edfico, cada aceite fue elegido por su poder restaurador \u00fanico. Potenciado con Bakuchiol, un complejo retinoide marino de Chlorella y Vitamina C avanzada, esta es una transformaci\u00f3n completa de la piel en una botella.<\/p>\n<p data-source-line=\"15-15\">Para una piel lista para una renovaci\u00f3n visible. Donde la ciencia se encuentra con la sabidur\u00eda bot\u00e1nica.<\/p>\n<\/div>\n<\/div>","protected":false},"featured_media":6815,"comment_status":"open","ping_status":"closed","template":"","meta":[],"product_brand":[],"product_cat":[1085,123],"product_tag":[1131,267,1130,1166,1159,1124,1125,1165,1161,1160,1162,1128],"class_list":{"0":"post-7582","1":"product","2":"type-product","3":"status-publish","4":"has-post-thumbnail","6":"product_cat-face-care","7":"product_cat-featured","8":"product_tag-anti-aging-oil","9":"product_tag-blue-tansy","10":"product_tag-calming-serum","11":"product_tag-chlorella-vulgaris","12":"product_tag-hyperpigmented-skin-serum","13":"product_tag-natural-facial-oil","14":"product_tag-nourishing-serum-oil","15":"product_tag-potentiated-retinoid-complex","16":"product_tag-renew","17":"product_tag-restore","18":"product_tag-revitalise","19":"product_tag-sensitive-skin-oil","20":"pa_essential-oils-blue-tansy-lavender","21":"pa_size-30-gr","22":"pa_size-50-gr","24":"first","25":"instock","26":"taxable","27":"shipping-taxable","28":"purchasable","29":"product-type-variable"},"aioseo_notices":[],"_links":{"self":[{"href":"https:\/\/ossienaturals.com\/es\/wp-json\/wp\/v2\/product\/7582","targetHints":{"allow":["GET"]}}],"collection":[{"href":"https:\/\/ossienaturals.com\/es\/wp-json\/wp\/v2\/product"}],"about":[{"href":"https:\/\/ossienaturals.com\/es\/wp-json\/wp\/v2\/types\/product"}],"replies":[{"embeddable":true,"href":"https:\/\/ossienaturals.com\/es\/wp-json\/wp\/v2\/comments?post=7582"}],"wp:featuredmedia":[{"embeddable":true,"href":"https:\/\/ossienaturals.com\/es\/wp-json\/wp\/v2\/media\/6815"}],"wp:attachment":[{"href":"https:\/\/ossienaturals.com\/es\/wp-json\/wp\/v2\/media?parent=7582"}],"wp:term":[{"taxonomy":"product_brand","embeddable":true,"href":"https:\/\/ossienaturals.com\/es\/wp-json\/wp\/v2\/product_brand?post=7582"},{"taxonomy":"product_cat","embeddable":true,"href":"https:\/\/ossienaturals.com\/es\/wp-json\/wp\/v2\/product_cat?post=7582"},{"taxonomy":"product_tag","embeddable":true,"href":"https:\/\/ossienaturals.com\/es\/wp-json\/wp\/v2\/product_tag?post=7582"}],"curies":[{"name":"wp","href":"https:\/\/api.w.org\/{rel}","templated":true}]}}