{"id":7720,"date":"2025-10-10T13:29:58","date_gmt":"2025-10-10T12:29:58","guid":{"rendered":"https:\/\/ossienaturals.com\/?post_type=product&#038;p=7720"},"modified":"2026-03-18T13:32:13","modified_gmt":"2026-03-18T13:32:13","slug":"phyto-radiance-body-oil","status":"publish","type":"product","link":"https:\/\/ossienaturals.com\/es\/producto\/phyto-radiance-body-oil\/","title":{"rendered":"Phyto-Radiance Body Oil\u2122"},"content":{"rendered":"<div class=\"elementor-element elementor-element-9b1c924 elementor-widget__width-initial elementor-widget-mobile__width-initial elementor-widget elementor-widget-heading\" data-id=\"9b1c924\" data-element_type=\"widget\" data-widget_type=\"heading.default\">\n<div class=\"elementor-widget-container\">\n<div class=\"elementor-element elementor-element-9b1c924 elementor-widget__width-initial elementor-widget-mobile__width-initial elementor-widget elementor-widget-heading\" data-id=\"9b1c924\" data-element_type=\"widget\" data-widget_type=\"heading.default\">\n<div class=\"elementor-widget-container\">\n<div class=\"elementor-element elementor-element-9b1c924 elementor-widget__width-initial elementor-widget-mobile__width-initial elementor-widget elementor-widget-heading\" data-id=\"9b1c924\" data-element_type=\"widget\" data-widget_type=\"heading.default\">\n<div class=\"elementor-widget-container\">\n<div class=\"elementor-element elementor-element-9b1c924 elementor-widget__width-initial elementor-widget-mobile__width-initial elementor-widget elementor-widget-heading\" data-id=\"9b1c924\" data-element_type=\"widget\" data-widget_type=\"heading.default\">\n<div class=\"elementor-widget-container\">\n<h3 class=\"elementor-heading-title elementor-size-default\">El Est\u00e1ndar de Oro del Cuidado Corporal<\/h3>\n<\/div>\n<\/div>\n<div class=\"elementor-element elementor-element-9d36b0a e-con-full e-flex e-con e-child\" data-id=\"9d36b0a\" data-element_type=\"container\">\n<div class=\"elementor-element elementor-element-f866dec elementor-widget__width-initial elementor-widget-tablet__width-initial elementor-widget elementor-widget-text-editor\" data-id=\"f866dec\" data-element_type=\"widget\" data-widget_type=\"text-editor.default\">\n<div class=\"elementor-widget-container\">\n<p data-source-line=\"25-25\">Este elixir corporal dorado transforma tu rutina diaria en un ritual de restauraci\u00f3n. Representa un nuevo est\u00e1ndar en el cuidado corporal, tratando la piel de tu cuerpo con la misma sofisticaci\u00f3n habitualmente reservada para el rostro. A pesar de contener once potentes aceites, se absorbe completamente en instantes, dejando tras de s\u00ed solo una piel sedosa y luminosa.<\/p>\n<p data-source-line=\"27-27\">Cada aceite cumple un prop\u00f3sito espec\u00edfico. La Camelia y la Hierba de la Pradera proporcionan una absorci\u00f3n instant\u00e1nea con un acabado aterciopelado. La Marula y el Baobab entregan una nutrici\u00f3n profunda rica en antioxidantes. La Pepita de Uva ayuda a equilibrar la apariencia de la piel, mientras que los aceites de Granada y Rosa Mosqueta trabajan para apoyar la renovaci\u00f3n visible de la piel y mejorar el aspecto de la textura irregular. El Espino Amarillo, rico en el excepcional omega-7, ayuda a dar soporte a la barrera cut\u00e1nea en todo tu cuerpo. El Escualano \u2014bioid\u00e9ntico a los propios l\u00edpidos de tu piel\u2014 sella la hidrataci\u00f3n sin ninguna pesadez.<\/p>\n<p data-source-line=\"29-29\">Hemos mejorado esta f\u00f3rmula con Ascorbil Tetraisopalmitato, una forma de Vitamina C altamente estable y avanzada. Penetra eficazmente para ayudar a iluminar el aspecto de las zonas apagadas y apoyar una apariencia m\u00e1s firme y uniforme. \u00bfEl resultado? Una piel que luce revitalizada, se siente flexible y resplandece de salud.<\/p>\n<p data-source-line=\"31-31\">La combinaci\u00f3n de aceites esenciales crea una experiencia sensorial sofisticada. La Mandarina a\u00f1ade una nota brillante y estimulante que energiza la mente, mientras que la Lavanda proporciona un acabado sereno y reconfortante.<\/p>\n<p data-source-line=\"33-33\">\u00dasalo a diario para ver una diferencia visible. Las zonas \u00e1speras en codos y rodillas se sienten suavizadas. La apariencia de la textura de la piel mejora. Tus brazos y escote lucen m\u00e1s flexibles y refinados. Tu piel desarrolla un hermoso brillo saludable: no graso, simplemente radiante.<\/p>\n<p data-source-line=\"35-35\">Esto no es solo aceite corporal; es nutrici\u00f3n completa para la piel. Suficientemente ligero para la ma\u00f1ana, lo bastante rico para la noche y tan sofisticado que reemplazar\u00e1 todo lo dem\u00e1s en tu rutina de cuidado corporal.<\/p>\n<\/div>\n<\/div>\n<\/div>\n<\/div>\n<\/div>\n<\/div>\n<\/div>\n<\/div>\n<\/div>\n<p>&nbsp;<\/p>\n<p><strong>Beneficios e Informaci\u00f3n de los Ingredientes<\/strong><br \/>\nDescubre Nuestros Ingredientes Naturales en Detalle.<br \/>\nCreemos en la transparencia total sobre lo que contienen nuestros productos. Cada ingrediente, cuidadosamente seleccionado, cumple un prop\u00f3sito espec\u00edfico en tu viaje por el cuidado de la piel.<br \/>\nTodos nuestros ingredientes son:<br \/>\n\u2713 De origen sostenible<br \/>\n\u2713 Producidos de forma \u00e9tica<br \/>\n\u2713 Con respaldo cient\u00edfico<br \/>\n\u2713 Derivados de fuentes naturales<br \/>\n\u2713 Con calidad certificada<\/p>\n<p>&nbsp;<\/p>\n<p>Consulta Nuestra Biblioteca de Ingredientes:<\/p>\n<p><a href=\"https:\/\/ossienaturals.com\/es\/product-ingredients\/\">Nuestra Biblioteca de Ingredientes<\/a><\/p>\n<p>&nbsp;<\/p>","protected":false},"excerpt":{"rendered":"<div class=\"elementor-element elementor-element-d54ba80 elementor-widget__width-initial elementor-widget elementor-widget-heading\" data-id=\"d54ba80\" data-element_type=\"widget\" data-widget_type=\"heading.default\">\n<div class=\"elementor-widget-container\">\n<div class=\"elementor-element elementor-element-d54ba80 elementor-widget__width-initial elementor-widget elementor-widget-heading\" data-id=\"d54ba80\" data-element_type=\"widget\" data-widget_type=\"heading.default\">\n<div class=\"elementor-widget-container\">\n<div class=\"elementor-element elementor-element-d54ba80 elementor-widget__width-initial elementor-widget elementor-widget-heading\" data-id=\"d54ba80\" data-element_type=\"widget\" data-widget_type=\"heading.default\">\n<div class=\"elementor-widget-container\">\n<p data-source-line=\"13-13\">Tu Piel, Iluminada desde el Interior.<\/p>\n<p data-source-line=\"15-15\">Once aceites preciosos se unen en este elixir corporal transformador. Desde la ligera Hierba de la Pradera (Meadowfoam) hasta el Espino Amarillo rico en vitaminas, cada bot\u00e1nico fue elegido por su capacidad para nutrir, proteger e iluminar. Potenciado con Escualano derivado de la oliva y Vitamina C avanzada, esto es lujo para todo el cuerpo que se absorbe al instante pero acondiciona en profundidad.<\/p>\n<p data-source-line=\"17-17\">Para una piel que merece m\u00e1s que humedad\u2014 merece luminosidad.<\/p>\n<\/div>\n<\/div>\n<\/div>\n<\/div>\n<\/div>\n<\/div>","protected":false},"featured_media":8504,"comment_status":"open","ping_status":"closed","template":"","meta":[],"product_brand":[],"product_cat":[1086,123],"product_tag":[1189,1007,1153,640,1122,1145,1190,492,320,724,1160,699],"class_list":{"0":"post-7720","1":"product","2":"type-product","3":"status-publish","4":"has-post-thumbnail","6":"product_cat-body-care","7":"product_cat-featured","8":"product_tag-antioxidant-protection","9":"product_tag-body-care","10":"product_tag-calm-redness","11":"product_tag-calming-soothing","12":"product_tag-calming-body-care","13":"product_tag-daily-protection","14":"product_tag-firmness","15":"product_tag-nourishing","16":"product_tag-pure-essential-oils","17":"product_tag-radiance-glow","18":"product_tag-restore","19":"product_tag-soothing-restorative","20":"pa_essential-oils-lavender-mandarin","21":"pa_size-100-ml","22":"pa_size-200-ml","24":"first","25":"instock","26":"taxable","27":"shipping-taxable","28":"purchasable","29":"product-type-variable"},"aioseo_notices":[],"_links":{"self":[{"href":"https:\/\/ossienaturals.com\/es\/wp-json\/wp\/v2\/product\/7720","targetHints":{"allow":["GET"]}}],"collection":[{"href":"https:\/\/ossienaturals.com\/es\/wp-json\/wp\/v2\/product"}],"about":[{"href":"https:\/\/ossienaturals.com\/es\/wp-json\/wp\/v2\/types\/product"}],"replies":[{"embeddable":true,"href":"https:\/\/ossienaturals.com\/es\/wp-json\/wp\/v2\/comments?post=7720"}],"wp:featuredmedia":[{"embeddable":true,"href":"https:\/\/ossienaturals.com\/es\/wp-json\/wp\/v2\/media\/8504"}],"wp:attachment":[{"href":"https:\/\/ossienaturals.com\/es\/wp-json\/wp\/v2\/media?parent=7720"}],"wp:term":[{"taxonomy":"product_brand","embeddable":true,"href":"https:\/\/ossienaturals.com\/es\/wp-json\/wp\/v2\/product_brand?post=7720"},{"taxonomy":"product_cat","embeddable":true,"href":"https:\/\/ossienaturals.com\/es\/wp-json\/wp\/v2\/product_cat?post=7720"},{"taxonomy":"product_tag","embeddable":true,"href":"https:\/\/ossienaturals.com\/es\/wp-json\/wp\/v2\/product_tag?post=7720"}],"curies":[{"name":"wp","href":"https:\/\/api.w.org\/{rel}","templated":true}]}}