{"id":8517,"date":"2025-11-30T15:49:10","date_gmt":"2025-11-30T15:49:10","guid":{"rendered":"https:\/\/ossienaturals.com\/?post_type=product&#038;p=8517"},"modified":"2026-03-18T13:32:13","modified_gmt":"2026-03-18T13:32:13","slug":"bio-refining-scrub","status":"publish","type":"product","link":"https:\/\/ossienaturals.com\/es\/producto\/bio-refining-scrub\/","title":{"rendered":"Bio-Refining Scrub"},"content":{"rendered":"<div class=\"elementor-element elementor-element-9b1c924 elementor-widget__width-initial elementor-widget-mobile__width-initial elementor-widget elementor-widget-heading\" data-id=\"9b1c924\" data-element_type=\"widget\" data-widget_type=\"heading.default\">\n<div class=\"elementor-widget-container\">\n<h3 data-source-line=\"11-11\"><strong>La Ciencia del Micro-Refinamiento<\/strong><\/h3>\n<p data-source-line=\"13-13\">La verdadera exfoliaci\u00f3n no trata de agresi\u00f3n; trata de revelar la claridad inherente de la piel. El Exfoliante Bio-Refinador es una composici\u00f3n anhidra dise\u00f1ada para pulir y purificar sin alterar la delicada barrera de hidrataci\u00f3n. Al eliminar el agua de la ecuaci\u00f3n, entregamos una mezcla potente y sin diluir de bot\u00e1nicos activos que se activa solo en el momento en que la usas.<\/p>\n<p data-source-line=\"15-16\"><strong>Un Ritual de Doble Acci\u00f3n<\/strong><\/p>\n<p data-source-line=\"15-16\">La f\u00f3rmula del Bio-Refining Scrub sirve para dos prop\u00f3sitos distintos dependiendo de las necesidades de tu piel. Mezclada con agua y masajeada suavemente, act\u00faa como un microexfoliante de precisi\u00f3n. El Polvo de Arroz finamente molido proporciona un pulido delicado, levantando las c\u00e9lulas superficiales opacas para revelar una textura m\u00e1s suave y reflectante de la luz.<\/p>\n<p data-source-line=\"18-18\">Si se deja secar sobre la piel, se transforma en una mascarilla purificante. Una base de Arcilla de Caol\u00edn rica en minerales trabaja para adsorber el exceso de sebo y las impurezas superficiales, mientras que la Avena Coloidal crea un coj\u00edn calmante que reconforta la piel durante el proceso de purificaci\u00f3n.<\/p>\n<p data-source-line=\"20-21\"><strong>Inteligencia Bot\u00e1nica<\/strong><\/p>\n<p data-source-line=\"20-21\">La eficacia proviene de un complejo de polvos sofisticado. Hemos incorporado polvos de frutos de Amla y Baobab \u2014ricos en Vitamina C y antioxidantes\u2014 para apoyar una tez de aspecto m\u00e1s brillante y radiante. La Hoja de Ortiga, tradicionalmente valorada por sus propiedades tonificantes, ayuda a refinar la apariencia de los poros, mientras que la Hoja de Neem ofrece profundos beneficios clarificantes, ayudando a gestionar el aspecto de la congesti\u00f3n en las zonas grasas.<\/p>\n<p data-source-line=\"23-23\">La experiencia sensorial se fundamenta en el polvo de Flor de Lavanda, que libera un aroma tranquilo y herb\u00e1ceo al activarse, convirtiendo la aplicaci\u00f3n en un momento de calma.<\/p>\n<p data-source-line=\"25-26\"><strong>Cuidado Personalizable<\/strong><\/p>\n<p data-source-line=\"25-26\">Debido a que esta f\u00f3rmula es seca, es infinitamente adaptable. M\u00e9zclala con agua para una limpieza pura y clarificante. Comb\u00ednala con tu aceite facial favorito para una exfoliaci\u00f3n m\u00e1s rica y nutritiva. O incorpora una gota de un aceite esencial espec\u00edfico para adaptar el tratamiento a tu estado de \u00e1nimo. Esto es cuidado de la piel vers\u00e1til e inteligente que respeta los ritmos cambiantes de tu piel.<\/p>\n<\/div>\n<\/div>\n<p>&nbsp;<\/p>\n<p>&nbsp;<\/p>\n<p><strong>Beneficios e Informaci\u00f3n de los Ingredientes<\/strong><\/p>\n<p>Descubre Nuestros Ingredientes Naturales en Detalle.<\/p>\n<p>Creemos en la transparencia total sobre lo que contienen nuestros productos. Cada ingrediente, cuidadosamente seleccionado, cumple un prop\u00f3sito espec\u00edfico en tu viaje por el cuidado de la piel.<\/p>\n<p><em>Todos nuestros ingredientes son:<\/em><br \/>\n\u2713 De origen sostenible<br \/>\n\u2713 Producidos de forma \u00e9tica<br \/>\n\u2713 Con respaldo cient\u00edfico<br \/>\n\u2713 Derivados de fuentes naturales<br \/>\n\u2713 Con calidad certificada<\/p>\n<p>&nbsp;<\/p>\n<p>Consulta Nuestra Biblioteca de Ingredientes:<\/p>\n<p><a href=\"https:\/\/ossienaturals.com\/es\/product-ingredients\/\">Biblioteca de Ingredientes<\/a><\/p>\n<p>&nbsp;<\/p>\n<p>&nbsp;<\/p>","protected":false},"excerpt":{"rendered":"<p data-source-line=\"9-9\"><strong>Un Ritual de Renovaci\u00f3n Respetuosa.<\/strong><\/p>\n<p data-source-line=\"11-11\">Este polvo bot\u00e1nico anhidro ofrece un enfoque dual para la claridad de la piel. Como exfoliante, el Polvo de Arroz finamente molido y el Amla pulen suavemente la opacidad sin abrasi\u00f3n. Como mascarilla, el Caol\u00edn rico en minerales y el Neem purificante ayudan a refinar los poros y equilibrar la tez.<\/p>\n<p data-source-line=\"13-13\">Activado con agua o aceite, es un ritual personalizable que respeta la barrera de la piel mientras revela una superficie m\u00e1s suave y radiante.<\/p>","protected":false},"featured_media":8522,"comment_status":"open","ping_status":"closed","template":"","meta":[],"product_brand":[],"product_cat":[1087,1085,123],"product_tag":[1188,340,1008,914,895,1207,1016,1208,1162,260],"class_list":{"0":"post-8517","1":"product","2":"type-product","3":"status-publish","4":"has-post-thumbnail","6":"product_cat-cleansers","7":"product_cat-face-care","8":"product_cat-featured","9":"product_tag-dull-appearance","10":"product_tag-dull-skin-revitaliser","11":"product_tag-exfoliation","12":"product_tag-gentle-exfoliation","13":"product_tag-natural-exfoliation","14":"product_tag-natural-scrub","15":"product_tag-natural-skincare","16":"product_tag-purifying-scrub","17":"product_tag-revitalise","18":"product_tag-skin-barrier-repair","19":"pa_essential-oils-unscented","20":"pa_size-60-gr","22":"first","23":"instock","24":"taxable","25":"shipping-taxable","26":"purchasable","27":"product-type-variable"},"aioseo_notices":[],"_links":{"self":[{"href":"https:\/\/ossienaturals.com\/es\/wp-json\/wp\/v2\/product\/8517","targetHints":{"allow":["GET"]}}],"collection":[{"href":"https:\/\/ossienaturals.com\/es\/wp-json\/wp\/v2\/product"}],"about":[{"href":"https:\/\/ossienaturals.com\/es\/wp-json\/wp\/v2\/types\/product"}],"replies":[{"embeddable":true,"href":"https:\/\/ossienaturals.com\/es\/wp-json\/wp\/v2\/comments?post=8517"}],"wp:featuredmedia":[{"embeddable":true,"href":"https:\/\/ossienaturals.com\/es\/wp-json\/wp\/v2\/media\/8522"}],"wp:attachment":[{"href":"https:\/\/ossienaturals.com\/es\/wp-json\/wp\/v2\/media?parent=8517"}],"wp:term":[{"taxonomy":"product_brand","embeddable":true,"href":"https:\/\/ossienaturals.com\/es\/wp-json\/wp\/v2\/product_brand?post=8517"},{"taxonomy":"product_cat","embeddable":true,"href":"https:\/\/ossienaturals.com\/es\/wp-json\/wp\/v2\/product_cat?post=8517"},{"taxonomy":"product_tag","embeddable":true,"href":"https:\/\/ossienaturals.com\/es\/wp-json\/wp\/v2\/product_tag?post=8517"}],"curies":[{"name":"wp","href":"https:\/\/api.w.org\/{rel}","templated":true}]}}